{"id":4282,"date":"2018-04-30T11:24:34","date_gmt":"2018-04-30T09:24:34","guid":{"rendered":"https:\/\/ms-element.ch\/produkte\/"},"modified":"2026-03-03T11:32:42","modified_gmt":"2026-03-03T10:32:42","slug":"produits","status":"publish","type":"page","link":"https:\/\/ms-element.ch\/fr\/produits\/","title":{"rendered":"Produits"},"content":{"rendered":"","protected":false},"excerpt":{"rendered":"","protected":false},"author":1,"featured_media":0,"parent":0,"menu_order":6,"comment_status":"closed","ping_status":"closed","template":"","meta":{"_acf_changed":false,"footnotes":""},"class_list":["post-4282","page","type-page","status-publish","hentry"],"acf":[],"yoast_head":"<!-- This site is optimized with the Yoast SEO plugin v27.5 - https:\/\/yoast.com\/product\/yoast-seo-wordpress\/ -->\n<title>\u00c9l\u00e9ments pr\u00e9fabriqu\u00e9s en b\u00e9ton pour le b\u00e2timent et le g\u00e9nie civil<\/title>\n<meta name=\"description\" content=\"D\u00e9couvrez notre assortiment d&#039;\u00e9l\u00e9ments en b\u00e9ton: \u00c9l\u00e9ments pr\u00e9contraints, Parois anti-bruit, Syst\u00e8mes de parking, Piliers, Escaliers, Garages pr\u00e9fabriqu\u00e9s, Syst\u00e8mes de parking souterrain et encore plus.\" \/>\n<meta name=\"robots\" content=\"index, follow, max-snippet:-1, max-image-preview:large, max-video-preview:-1\" \/>\n<link rel=\"canonical\" href=\"https:\/\/ms-element.ch\/fr\/produits\/\" \/>\n<meta property=\"og:locale\" content=\"fr_FR\" \/>\n<meta property=\"og:type\" content=\"article\" \/>\n<meta property=\"og:title\" content=\"\u00c9l\u00e9ments pr\u00e9fabriqu\u00e9s en b\u00e9ton pour le b\u00e2timent et le g\u00e9nie civil\" \/>\n<meta property=\"og:description\" content=\"D\u00e9couvrez notre assortiment d&#039;\u00e9l\u00e9ments en b\u00e9ton: \u00c9l\u00e9ments pr\u00e9contraints, Parois anti-bruit, Syst\u00e8mes de parking, Piliers, Escaliers, Garages pr\u00e9fabriqu\u00e9s, Syst\u00e8mes de parking souterrain et encore plus.\" \/>\n<meta property=\"og:url\" content=\"https:\/\/ms-element.ch\/fr\/produits\/\" \/>\n<meta property=\"og:site_name\" content=\"M\u00dcLLER-STEINAG ELEMENT AG\" \/>\n<meta property=\"article:modified_time\" content=\"2026-03-03T10:32:42+00:00\" \/>\n<meta name=\"twitter:card\" content=\"summary_large_image\" \/>\n<script type=\"application\/ld+json\" class=\"yoast-schema-graph\">{\"@context\":\"https:\\\/\\\/schema.org\",\"@graph\":[{\"@type\":\"WebPage\",\"@id\":\"https:\\\/\\\/ms-element.ch\\\/fr\\\/produits\\\/\",\"url\":\"https:\\\/\\\/ms-element.ch\\\/fr\\\/produits\\\/\",\"name\":\"\u00c9l\u00e9ments pr\u00e9fabriqu\u00e9s en b\u00e9ton pour le b\u00e2timent et le g\u00e9nie civil\",\"isPartOf\":{\"@id\":\"https:\\\/\\\/ms-element.ch\\\/#website\"},\"datePublished\":\"2018-04-30T09:24:34+00:00\",\"dateModified\":\"2026-03-03T10:32:42+00:00\",\"description\":\"D\u00e9couvrez notre assortiment d'\u00e9l\u00e9ments en b\u00e9ton: \u00c9l\u00e9ments pr\u00e9contraints, Parois anti-bruit, Syst\u00e8mes de parking, Piliers, Escaliers, Garages pr\u00e9fabriqu\u00e9s, Syst\u00e8mes de parking souterrain et encore plus.\",\"breadcrumb\":{\"@id\":\"https:\\\/\\\/ms-element.ch\\\/fr\\\/produits\\\/#breadcrumb\"},\"inLanguage\":\"fr-FR\",\"potentialAction\":[{\"@type\":\"ReadAction\",\"target\":[\"https:\\\/\\\/ms-element.ch\\\/fr\\\/produits\\\/\"]}]},{\"@type\":\"BreadcrumbList\",\"@id\":\"https:\\\/\\\/ms-element.ch\\\/fr\\\/produits\\\/#breadcrumb\",\"itemListElement\":[{\"@type\":\"ListItem\",\"position\":1,\"name\":\"Home\",\"item\":\"https:\\\/\\\/ms-element.ch\\\/fr\\\/\"},{\"@type\":\"ListItem\",\"position\":2,\"name\":\"Produits\"}]},{\"@type\":\"WebSite\",\"@id\":\"https:\\\/\\\/ms-element.ch\\\/#website\",\"url\":\"https:\\\/\\\/ms-element.ch\\\/\",\"name\":\"M\u00dcLLER-STEINAG ELEMENT AG\",\"description\":\"\",\"potentialAction\":[{\"@type\":\"SearchAction\",\"target\":{\"@type\":\"EntryPoint\",\"urlTemplate\":\"https:\\\/\\\/ms-element.ch\\\/?s={search_term_string}\"},\"query-input\":{\"@type\":\"PropertyValueSpecification\",\"valueRequired\":true,\"valueName\":\"search_term_string\"}}],\"inLanguage\":\"fr-FR\"}]}<\/script>\n<!-- \/ Yoast SEO plugin. -->","yoast_head_json":{"title":"\u00c9l\u00e9ments pr\u00e9fabriqu\u00e9s en b\u00e9ton pour le b\u00e2timent et le g\u00e9nie civil","description":"D\u00e9couvrez notre assortiment d'\u00e9l\u00e9ments en b\u00e9ton: \u00c9l\u00e9ments pr\u00e9contraints, Parois anti-bruit, Syst\u00e8mes de parking, Piliers, Escaliers, Garages pr\u00e9fabriqu\u00e9s, Syst\u00e8mes de parking souterrain et encore plus.","robots":{"index":"index","follow":"follow","max-snippet":"max-snippet:-1","max-image-preview":"max-image-preview:large","max-video-preview":"max-video-preview:-1"},"canonical":"https:\/\/ms-element.ch\/fr\/produits\/","og_locale":"fr_FR","og_type":"article","og_title":"\u00c9l\u00e9ments pr\u00e9fabriqu\u00e9s en b\u00e9ton pour le b\u00e2timent et le g\u00e9nie civil","og_description":"D\u00e9couvrez notre assortiment d'\u00e9l\u00e9ments en b\u00e9ton: \u00c9l\u00e9ments pr\u00e9contraints, Parois anti-bruit, Syst\u00e8mes de parking, Piliers, Escaliers, Garages pr\u00e9fabriqu\u00e9s, Syst\u00e8mes de parking souterrain et encore plus.","og_url":"https:\/\/ms-element.ch\/fr\/produits\/","og_site_name":"M\u00dcLLER-STEINAG ELEMENT AG","article_modified_time":"2026-03-03T10:32:42+00:00","twitter_card":"summary_large_image","schema":{"@context":"https:\/\/schema.org","@graph":[{"@type":"WebPage","@id":"https:\/\/ms-element.ch\/fr\/produits\/","url":"https:\/\/ms-element.ch\/fr\/produits\/","name":"\u00c9l\u00e9ments pr\u00e9fabriqu\u00e9s en b\u00e9ton pour le b\u00e2timent et le g\u00e9nie civil","isPartOf":{"@id":"https:\/\/ms-element.ch\/#website"},"datePublished":"2018-04-30T09:24:34+00:00","dateModified":"2026-03-03T10:32:42+00:00","description":"D\u00e9couvrez notre assortiment d'\u00e9l\u00e9ments en b\u00e9ton: \u00c9l\u00e9ments pr\u00e9contraints, Parois anti-bruit, Syst\u00e8mes de parking, Piliers, Escaliers, Garages pr\u00e9fabriqu\u00e9s, Syst\u00e8mes de parking souterrain et encore plus.","breadcrumb":{"@id":"https:\/\/ms-element.ch\/fr\/produits\/#breadcrumb"},"inLanguage":"fr-FR","potentialAction":[{"@type":"ReadAction","target":["https:\/\/ms-element.ch\/fr\/produits\/"]}]},{"@type":"BreadcrumbList","@id":"https:\/\/ms-element.ch\/fr\/produits\/#breadcrumb","itemListElement":[{"@type":"ListItem","position":1,"name":"Home","item":"https:\/\/ms-element.ch\/fr\/"},{"@type":"ListItem","position":2,"name":"Produits"}]},{"@type":"WebSite","@id":"https:\/\/ms-element.ch\/#website","url":"https:\/\/ms-element.ch\/","name":"M\u00dcLLER-STEINAG ELEMENT AG","description":"","potentialAction":[{"@type":"SearchAction","target":{"@type":"EntryPoint","urlTemplate":"https:\/\/ms-element.ch\/?s={search_term_string}"},"query-input":{"@type":"PropertyValueSpecification","valueRequired":true,"valueName":"search_term_string"}}],"inLanguage":"fr-FR"}]}},"_links":{"self":[{"href":"https:\/\/ms-element.ch\/fr\/wp-json\/wp\/v2\/pages\/4282","targetHints":{"allow":["GET"]}}],"collection":[{"href":"https:\/\/ms-element.ch\/fr\/wp-json\/wp\/v2\/pages"}],"about":[{"href":"https:\/\/ms-element.ch\/fr\/wp-json\/wp\/v2\/types\/page"}],"author":[{"embeddable":true,"href":"https:\/\/ms-element.ch\/fr\/wp-json\/wp\/v2\/users\/1"}],"replies":[{"embeddable":true,"href":"https:\/\/ms-element.ch\/fr\/wp-json\/wp\/v2\/comments?post=4282"}],"version-history":[{"count":10,"href":"https:\/\/ms-element.ch\/fr\/wp-json\/wp\/v2\/pages\/4282\/revisions"}],"predecessor-version":[{"id":6929,"href":"https:\/\/ms-element.ch\/fr\/wp-json\/wp\/v2\/pages\/4282\/revisions\/6929"}],"wp:attachment":[{"href":"https:\/\/ms-element.ch\/fr\/wp-json\/wp\/v2\/media?parent=4282"}],"curies":[{"name":"wp","href":"https:\/\/api.w.org\/{rel}","templated":true}]}}